{"id":15649,"date":"2024-01-19T15:00:25","date_gmt":"2024-01-19T14:00:25","guid":{"rendered":"https:\/\/enerdom.net\/?page_id=15649"},"modified":"2024-01-19T16:03:56","modified_gmt":"2024-01-19T15:03:56","slug":"prueba-caja-de-4","status":"publish","type":"page","link":"https:\/\/enerdom.net\/eu\/prueba-caja-de-4\/","title":{"rendered":"Prueba caja de 4"},"content":{"rendered":"\t\t<div data-elementor-type=\"wp-page\" data-elementor-id=\"15649\" class=\"elementor elementor-15649\">\n\t\t\t\t\t\t\t<div class=\"elementor-element elementor-element-2740f59 e-con-full e-flex e-con e-parent\" data-id=\"2740f59\" data-element_type=\"container\" data-settings=\"{&quot;content_width&quot;:&quot;full&quot;}\" data-core-v316-plus=\"true\">\n\t\t\t\t<div class=\"elementor-element elementor-element-36deced elementor-align-right elementor-icon-list--layout-traditional elementor-list-item-link-full_width elementor-widget elementor-widget-icon-list\" data-id=\"36deced\" data-element_type=\"widget\" data-widget_type=\"icon-list.default\">\n\t\t\t\t<div class=\"elementor-widget-container\">\n\t\t\t<link rel=\"stylesheet\" href=\"http:\/\/enerdom.net\/wp-content\/plugins\/elementor\/assets\/css\/widget-icon-list.min.css\">\t\t<ul class=\"elementor-icon-list-items\">\n\t\t\t\t\t\t\t<li class=\"elementor-icon-list-item\">\n\t\t\t\t\t\t\t\t\t\t<span class=\"elementor-icon-list-text\"><h3>AUDITORITZA\/ANALISIA<\/h3><p>Gure bezeroei, bai kontsumoetan eta bai kostuetan eragiten dien arrazoi guztiak aztertzen ditugu. Monitorizazio-sistemen bidez, kontsumoa eta energiaren eta potentziaren eskaria hobetzeko datu garrantzitsuak aztertzen ditugu.<\/p><\/span>\n\t\t\t\t\t\t\t\t\t<\/li>\n\t\t\t\t\t\t\t\t<li class=\"elementor-icon-list-item\">\n\t\t\t\t\t\t\t\t\t\t<span class=\"elementor-icon-list-text\"><h3>GILTZA-ESKURA PROIEKTUAK<\/h3><p>Gure bezeroaren eskaerak kontuan hartuta, hasieratik amaierara gauzatzeko proposatzen dugu gure proiektuak. Gure aurrezki-proposamenetan, proiektua amortizatu egiten da, inbertsiorik egin beharrik gabe, sortutako aurrezkiarekin zuzenean.<\/p><\/span>\n\t\t\t\t\t\t\t\t\t<\/li>\n\t\t\t\t\t\t\t\t<li class=\"elementor-icon-list-item\">\n\t\t\t\t\t\t\t\t\t\t<span class=\"elementor-icon-list-text\"><h3>KONTROL, MANTENTZE-LANAK ETA TELEGESTIOA<\/h3><p>Gure bezeroaren neurrira, egindako lanen ondorengo energia-kudeaketa egiten dugu, emaitzarik onenak eta\/edo etorkizuneko bilakaerarik onena ziurtatzeko.<\/p><\/span>\n\t\t\t\t\t\t\t\t\t<\/li>\n\t\t\t\t\t\t\t\t<li class=\"elementor-icon-list-item\">\n\t\t\t\t\t\t\t\t\t\t<span class=\"elementor-icon-list-text\"><h3>BESTE PROIEKTU BATZUK<\/h3><p>Era profesionalean aholkatzen eta optimizatzen ditugu, gai energetiko guztietan beharrezkoak diren elementuetan: ibilgailuak kargatzea, Autokontsumoa (fotovoltaikoa), errentagarritasuna, energia-komunitateak, etab.<\/span>\n\t\t\t\t\t\t\t\t\t<\/li>\n\t\t\t\t\t\t<\/ul>\n\t\t\t\t<\/div>\n\t\t\t\t<\/div>\n\t\t\t\t<\/div>\n\t\t<div class=\"elementor-element elementor-element-6413e11 e-con-full e-flex e-con e-parent\" data-id=\"6413e11\" data-element_type=\"container\" data-settings=\"{&quot;content_width&quot;:&quot;full&quot;}\" data-core-v316-plus=\"true\">\n\t\t<div class=\"elementor-element elementor-element-567f675 e-con-full e-flex e-con e-child\" data-id=\"567f675\" data-element_type=\"container\" data-settings=\"{&quot;content_width&quot;:&quot;full&quot;}\">\n\t\t\t\t<div class=\"elementor-element elementor-element-c0a7fd7 elementor-view-default elementor-widget elementor-widget-icon\" data-id=\"c0a7fd7\" data-element_type=\"widget\" data-widget_type=\"icon.default\">\n\t\t\t\t<div class=\"elementor-widget-container\">\n\t\t\t\t\t<div class=\"elementor-icon-wrapper\">\n\t\t\t<div class=\"elementor-icon\">\n\t\t\t<i aria-hidden=\"true\" class=\"fas fa-lightbulb\"><\/i>\t\t\t<\/div>\n\t\t<\/div>\n\t\t\t\t<\/div>\n\t\t\t\t<\/div>\n\t\t\t\t<\/div>\n\t\t<div class=\"elementor-element elementor-element-dfcac3d e-con-full e-flex e-con e-child\" data-id=\"dfcac3d\" data-element_type=\"container\" data-settings=\"{&quot;content_width&quot;:&quot;full&quot;}\">\n\t\t\t\t<div class=\"elementor-element elementor-element-f6670fb elementor-widget elementor-widget-heading\" data-id=\"f6670fb\" data-element_type=\"widget\" data-widget_type=\"heading.default\">\n\t\t\t\t<div class=\"elementor-widget-container\">\n\t\t\t<style>\/*! elementor - v3.18.0 - 20-12-2023 *\/\n.elementor-heading-title{padding:0;margin:0;line-height:1}.elementor-widget-heading .elementor-heading-title[class*=elementor-size-]>a{color:inherit;font-size:inherit;line-height:inherit}.elementor-widget-heading .elementor-heading-title.elementor-size-small{font-size:15px}.elementor-widget-heading .elementor-heading-title.elementor-size-medium{font-size:19px}.elementor-widget-heading .elementor-heading-title.elementor-size-large{font-size:29px}.elementor-widget-heading .elementor-heading-title.elementor-size-xl{font-size:39px}.elementor-widget-heading .elementor-heading-title.elementor-size-xxl{font-size:59px}<\/style><h2 class=\"elementor-heading-title elementor-size-default\">AUDITORITZA\/ANALISIA<\/h2>\t\t<\/div>\n\t\t\t\t<\/div>\n\t\t\t\t<div class=\"elementor-element elementor-element-b98a825 elementor-widget elementor-widget-text-editor\" data-id=\"b98a825\" data-element_type=\"widget\" data-widget_type=\"text-editor.default\">\n\t\t\t\t<div class=\"elementor-widget-container\">\n\t\t\t<style>\/*! elementor - v3.18.0 - 20-12-2023 *\/\n.elementor-widget-text-editor.elementor-drop-cap-view-stacked .elementor-drop-cap{background-color:#69727d;color:#fff}.elementor-widget-text-editor.elementor-drop-cap-view-framed .elementor-drop-cap{color:#69727d;border:3px solid;background-color:transparent}.elementor-widget-text-editor:not(.elementor-drop-cap-view-default) .elementor-drop-cap{margin-top:8px}.elementor-widget-text-editor:not(.elementor-drop-cap-view-default) .elementor-drop-cap-letter{width:1em;height:1em}.elementor-widget-text-editor .elementor-drop-cap{float:left;text-align:center;line-height:1;font-size:50px}.elementor-widget-text-editor .elementor-drop-cap-letter{display:inline-block}<\/style>\t\t\t\t<p>Gure bezeroei, bai kontsumoetan eta bai kostuetan eragiten dien arrazoi guztiak aztertzen ditugu. Monitorizazio-sistemen bidez, kontsumoa eta energiaren eta potentziaren eskaria hobetzeko datu garrantzitsuak aztertzen ditugu.<\/p>\t\t\t\t\t\t<\/div>\n\t\t\t\t<\/div>\n\t\t\t\t<\/div>\n\t\t<div class=\"elementor-element elementor-element-ee35b6c e-con-full e-flex e-con e-child\" data-id=\"ee35b6c\" data-element_type=\"container\" data-settings=\"{&quot;content_width&quot;:&quot;full&quot;}\">\n\t\t\t\t<div class=\"elementor-element elementor-element-2531a23 elementor-view-default elementor-widget elementor-widget-icon\" data-id=\"2531a23\" data-element_type=\"widget\" data-widget_type=\"icon.default\">\n\t\t\t\t<div class=\"elementor-widget-container\">\n\t\t\t\t\t<div class=\"elementor-icon-wrapper\">\n\t\t\t<div class=\"elementor-icon\">\n\t\t\t<i aria-hidden=\"true\" class=\"fas fa-key\"><\/i>\t\t\t<\/div>\n\t\t<\/div>\n\t\t\t\t<\/div>\n\t\t\t\t<\/div>\n\t\t\t\t<\/div>\n\t\t<div class=\"elementor-element elementor-element-b55a250 e-con-full e-flex e-con e-child\" data-id=\"b55a250\" data-element_type=\"container\" data-settings=\"{&quot;content_width&quot;:&quot;full&quot;}\">\n\t\t\t\t<div class=\"elementor-element elementor-element-7d318f0 elementor-widget elementor-widget-heading\" data-id=\"7d318f0\" data-element_type=\"widget\" data-widget_type=\"heading.default\">\n\t\t\t\t<div class=\"elementor-widget-container\">\n\t\t\t<h2 class=\"elementor-heading-title elementor-size-default\">GILTZA-ESKURA <br>PROIEKTUAK<\/h2>\t\t<\/div>\n\t\t\t\t<\/div>\n\t\t\t\t<div class=\"elementor-element elementor-element-8fa40ae elementor-widget elementor-widget-text-editor\" data-id=\"8fa40ae\" data-element_type=\"widget\" data-widget_type=\"text-editor.default\">\n\t\t\t\t<div class=\"elementor-widget-container\">\n\t\t\t\t\t\t\t<p><span class=\"elementor-icon-list-text\">Gure bezeroaren eskaerak kontuan hartuta, hasieratik amaierara gauzatzeko proposatzen dugu gure proiektuak. Gure aurrezki-proposamenetan, proiektua amortizatu egiten da, inbertsiorik egin beharrik gabe, sortutako aurrezkiarekin zuzenean.<\/span><\/p>\t\t\t\t\t\t<\/div>\n\t\t\t\t<\/div>\n\t\t\t\t<\/div>\n\t\t\t\t<\/div>\n\t\t<div class=\"elementor-element elementor-element-5118b6f e-con-full e-flex e-con e-parent\" data-id=\"5118b6f\" data-element_type=\"container\" data-settings=\"{&quot;content_width&quot;:&quot;full&quot;}\" data-core-v316-plus=\"true\">\n\t\t<div class=\"elementor-element elementor-element-ac584f2 e-con-full e-flex e-con e-child\" data-id=\"ac584f2\" data-element_type=\"container\" data-settings=\"{&quot;content_width&quot;:&quot;full&quot;}\">\n\t\t\t\t<div class=\"elementor-element elementor-element-ca28a86 elementor-view-default elementor-widget elementor-widget-icon\" data-id=\"ca28a86\" data-element_type=\"widget\" data-widget_type=\"icon.default\">\n\t\t\t\t<div class=\"elementor-widget-container\">\n\t\t\t\t\t<div class=\"elementor-icon-wrapper\">\n\t\t\t<div class=\"elementor-icon\">\n\t\t\t<i aria-hidden=\"true\" class=\"fas fa-network-wired\"><\/i>\t\t\t<\/div>\n\t\t<\/div>\n\t\t\t\t<\/div>\n\t\t\t\t<\/div>\n\t\t\t\t<\/div>\n\t\t<div class=\"elementor-element elementor-element-709c462 e-con-full e-flex e-con e-child\" data-id=\"709c462\" data-element_type=\"container\" data-settings=\"{&quot;content_width&quot;:&quot;full&quot;}\">\n\t\t\t\t<div class=\"elementor-element elementor-element-5ba647c elementor-widget elementor-widget-heading\" data-id=\"5ba647c\" data-element_type=\"widget\" data-widget_type=\"heading.default\">\n\t\t\t\t<div class=\"elementor-widget-container\">\n\t\t\t<h2 class=\"elementor-heading-title elementor-size-default\">KONTROL, MANTENTZE-LANAK ETA TELEGESTIOA<\/h2>\t\t<\/div>\n\t\t\t\t<\/div>\n\t\t\t\t<div class=\"elementor-element elementor-element-b723233 elementor-widget elementor-widget-text-editor\" data-id=\"b723233\" data-element_type=\"widget\" data-widget_type=\"text-editor.default\">\n\t\t\t\t<div class=\"elementor-widget-container\">\n\t\t\t\t\t\t\t<p><span class=\"elementor-icon-list-text\">Gure bezeroaren neurrira, egindako lanen ondorengo energia-kudeaketa egiten dugu, emaitzarik onenak eta\/edo etorkizuneko bilakaerarik onena ziurtatzeko.<\/span><\/p>\t\t\t\t\t\t<\/div>\n\t\t\t\t<\/div>\n\t\t\t\t<\/div>\n\t\t<div class=\"elementor-element elementor-element-f2d2103 e-con-full e-flex e-con e-child\" data-id=\"f2d2103\" data-element_type=\"container\" data-settings=\"{&quot;content_width&quot;:&quot;full&quot;}\">\n\t\t\t\t<div class=\"elementor-element elementor-element-4880961 elementor-view-default elementor-widget elementor-widget-icon\" data-id=\"4880961\" data-element_type=\"widget\" data-widget_type=\"icon.default\">\n\t\t\t\t<div class=\"elementor-widget-container\">\n\t\t\t\t\t<div class=\"elementor-icon-wrapper\">\n\t\t\t<div class=\"elementor-icon\">\n\t\t\t<i aria-hidden=\"true\" class=\"fas fa-map-signs\"><\/i>\t\t\t<\/div>\n\t\t<\/div>\n\t\t\t\t<\/div>\n\t\t\t\t<\/div>\n\t\t\t\t<\/div>\n\t\t<div class=\"elementor-element elementor-element-4cb50be e-con-full e-flex e-con e-child\" data-id=\"4cb50be\" data-element_type=\"container\" data-settings=\"{&quot;content_width&quot;:&quot;full&quot;}\">\n\t\t\t\t<div class=\"elementor-element elementor-element-090a161 elementor-widget elementor-widget-heading\" data-id=\"090a161\" data-element_type=\"widget\" data-widget_type=\"heading.default\">\n\t\t\t\t<div class=\"elementor-widget-container\">\n\t\t\t<h2 class=\"elementor-heading-title elementor-size-default\">BESTE PROIEKTU BATZUK<\/h2>\t\t<\/div>\n\t\t\t\t<\/div>\n\t\t\t\t<div class=\"elementor-element elementor-element-76a56e6 elementor-widget elementor-widget-text-editor\" data-id=\"76a56e6\" data-element_type=\"widget\" data-widget_type=\"text-editor.default\">\n\t\t\t\t<div class=\"elementor-widget-container\">\n\t\t\t\t\t\t\t<p><span class=\"elementor-icon-list-text\">Era profesionalean aholkatzen eta optimizatzen ditugu, gai energetiko guztietan beharrezkoak diren elementuetan: ibilgailuak kargatzea, Autokontsumoa (fotovoltaikoa), errentagarritasuna, energia-komunitateak, etab. <\/span><\/p>\t\t\t\t\t\t<\/div>\n\t\t\t\t<\/div>\n\t\t\t\t<\/div>\n\t\t\t\t<\/div>\n\t\t\t\t\t\t\t<\/div>\n\t\t","protected":false},"excerpt":{"rendered":"<p>AUDITORITZA\/ANALISIA Gure bezeroei, bai kontsumoetan eta bai kostuetan eragiten dien arrazoi guztiak aztertzen ditugu. Monitorizazio-sistemen bidez, kontsumoa eta energiaren eta potentziaren eskaria hobetzeko datu garrantzitsuak aztertzen ditugu. GILTZA-ESKURA PROIEKTUAK Gure bezeroaren eskaerak kontuan hartuta, hasieratik amaierara gauzatzeko proposatzen dugu gure proiektuak. Gure aurrezki-proposamenetan, proiektua amortizatu egiten da, inbertsiorik egin beharrik gabe, sortutako aurrezkiarekin zuzenean. KONTROL, [&hellip;]<\/p>\n","protected":false},"author":1,"featured_media":0,"parent":0,"menu_order":0,"comment_status":"closed","ping_status":"closed","template":"","meta":{"footnotes":""},"class_list":["post-15649","page","type-page","status-publish","hentry"],"acf":[],"yoast_head":"<!-- This site is optimized with the Yoast SEO plugin v24.6 - https:\/\/yoast.com\/wordpress\/plugins\/seo\/ -->\n<title>Prueba caja de 4 - Enerdom<\/title>\n<meta name=\"robots\" content=\"index, follow, max-snippet:-1, max-image-preview:large, max-video-preview:-1\" \/>\n<link rel=\"canonical\" href=\"https:\/\/enerdom.net\/eu\/prueba-caja-de-4\/\" \/>\n<meta property=\"og:locale\" content=\"eu_ES\" \/>\n<meta property=\"og:type\" content=\"article\" \/>\n<meta property=\"og:title\" content=\"Prueba caja de 4 - Enerdom\" \/>\n<meta property=\"og:description\" content=\"AUDITORITZA\/ANALISIA Gure bezeroei, bai kontsumoetan eta bai kostuetan eragiten dien arrazoi guztiak aztertzen ditugu. Monitorizazio-sistemen bidez, kontsumoa eta energiaren eta potentziaren eskaria hobetzeko datu garrantzitsuak aztertzen ditugu. GILTZA-ESKURA PROIEKTUAK Gure bezeroaren eskaerak kontuan hartuta, hasieratik amaierara gauzatzeko proposatzen dugu gure proiektuak. Gure aurrezki-proposamenetan, proiektua amortizatu egiten da, inbertsiorik egin beharrik gabe, sortutako aurrezkiarekin zuzenean. KONTROL, [&hellip;]\" \/>\n<meta property=\"og:url\" content=\"https:\/\/enerdom.net\/eu\/prueba-caja-de-4\/\" \/>\n<meta property=\"og:site_name\" content=\"Enerdom\" \/>\n<meta property=\"article:modified_time\" content=\"2024-01-19T15:03:56+00:00\" \/>\n<meta property=\"og:image\" content=\"https:\/\/enerdom.net\/wp-content\/uploads\/2023\/12\/garajes.jpg\" \/>\n\t<meta property=\"og:image:width\" content=\"1170\" \/>\n\t<meta property=\"og:image:height\" content=\"570\" \/>\n\t<meta property=\"og:image:type\" content=\"image\/jpeg\" \/>\n<meta name=\"twitter:card\" content=\"summary_large_image\" \/>\n<meta name=\"twitter:label1\" content=\"Est. reading time\" \/>\n\t<meta name=\"twitter:data1\" content=\"2 minutes\" \/>\n<script type=\"application\/ld+json\" class=\"yoast-schema-graph\">{\"@context\":\"https:\/\/schema.org\",\"@graph\":[{\"@type\":\"WebPage\",\"@id\":\"https:\/\/enerdom.net\/eu\/prueba-caja-de-4\/\",\"url\":\"https:\/\/enerdom.net\/eu\/prueba-caja-de-4\/\",\"name\":\"Prueba caja de 4 - Enerdom\",\"isPartOf\":{\"@id\":\"https:\/\/enerdom.net\/eu\/#website\"},\"datePublished\":\"2024-01-19T14:00:25+00:00\",\"dateModified\":\"2024-01-19T15:03:56+00:00\",\"breadcrumb\":{\"@id\":\"https:\/\/enerdom.net\/eu\/prueba-caja-de-4\/#breadcrumb\"},\"inLanguage\":\"eu-ES\",\"potentialAction\":[{\"@type\":\"ReadAction\",\"target\":[\"https:\/\/enerdom.net\/eu\/prueba-caja-de-4\/\"]}]},{\"@type\":\"BreadcrumbList\",\"@id\":\"https:\/\/enerdom.net\/eu\/prueba-caja-de-4\/#breadcrumb\",\"itemListElement\":[{\"@type\":\"ListItem\",\"position\":1,\"name\":\"Portada\",\"item\":\"https:\/\/enerdom.net\/eu\/\"},{\"@type\":\"ListItem\",\"position\":2,\"name\":\"Prueba caja de 4\"}]},{\"@type\":\"WebSite\",\"@id\":\"https:\/\/enerdom.net\/eu\/#website\",\"url\":\"https:\/\/enerdom.net\/eu\/\",\"name\":\"Enerdom\",\"description\":\"Su consultor\u00eda en Control y Automatizaci\u00f3n. Dom\u00f3tica e inm\u00f3tica\",\"publisher\":{\"@id\":\"https:\/\/enerdom.net\/eu\/#organization\"},\"potentialAction\":[{\"@type\":\"SearchAction\",\"target\":{\"@type\":\"EntryPoint\",\"urlTemplate\":\"https:\/\/enerdom.net\/eu\/?s={search_term_string}\"},\"query-input\":{\"@type\":\"PropertyValueSpecification\",\"valueRequired\":true,\"valueName\":\"search_term_string\"}}],\"inLanguage\":\"eu-ES\"},{\"@type\":\"Organization\",\"@id\":\"https:\/\/enerdom.net\/eu\/#organization\",\"name\":\"Enerdom\",\"url\":\"https:\/\/enerdom.net\/eu\/\",\"logo\":{\"@type\":\"ImageObject\",\"inLanguage\":\"eu-ES\",\"@id\":\"https:\/\/enerdom.net\/eu\/#\/schema\/logo\/image\/\",\"url\":\"https:\/\/enerdom.net\/wp-content\/uploads\/2023\/11\/Enerdom-Logo-mesa.svg\",\"contentUrl\":\"https:\/\/enerdom.net\/wp-content\/uploads\/2023\/11\/Enerdom-Logo-mesa.svg\",\"width\":313,\"height\":102,\"caption\":\"Enerdom\"},\"image\":{\"@id\":\"https:\/\/enerdom.net\/eu\/#\/schema\/logo\/image\/\"},\"sameAs\":[\"https:\/\/www.linkedin.com\/company\/enerdom-consulting\/\"]}]}<\/script>\n<!-- \/ Yoast SEO plugin. -->","yoast_head_json":{"title":"Prueba caja de 4 - Enerdom","robots":{"index":"index","follow":"follow","max-snippet":"max-snippet:-1","max-image-preview":"max-image-preview:large","max-video-preview":"max-video-preview:-1"},"canonical":"https:\/\/enerdom.net\/eu\/prueba-caja-de-4\/","og_locale":"eu_ES","og_type":"article","og_title":"Prueba caja de 4 - Enerdom","og_description":"AUDITORITZA\/ANALISIA Gure bezeroei, bai kontsumoetan eta bai kostuetan eragiten dien arrazoi guztiak aztertzen ditugu. Monitorizazio-sistemen bidez, kontsumoa eta energiaren eta potentziaren eskaria hobetzeko datu garrantzitsuak aztertzen ditugu. GILTZA-ESKURA PROIEKTUAK Gure bezeroaren eskaerak kontuan hartuta, hasieratik amaierara gauzatzeko proposatzen dugu gure proiektuak. Gure aurrezki-proposamenetan, proiektua amortizatu egiten da, inbertsiorik egin beharrik gabe, sortutako aurrezkiarekin zuzenean. KONTROL, [&hellip;]","og_url":"https:\/\/enerdom.net\/eu\/prueba-caja-de-4\/","og_site_name":"Enerdom","article_modified_time":"2024-01-19T15:03:56+00:00","og_image":[{"width":1170,"height":570,"url":"https:\/\/enerdom.net\/wp-content\/uploads\/2023\/12\/garajes.jpg","type":"image\/jpeg"}],"twitter_card":"summary_large_image","twitter_misc":{"Est. reading time":"2 minutes"},"schema":{"@context":"https:\/\/schema.org","@graph":[{"@type":"WebPage","@id":"https:\/\/enerdom.net\/eu\/prueba-caja-de-4\/","url":"https:\/\/enerdom.net\/eu\/prueba-caja-de-4\/","name":"Prueba caja de 4 - Enerdom","isPartOf":{"@id":"https:\/\/enerdom.net\/eu\/#website"},"datePublished":"2024-01-19T14:00:25+00:00","dateModified":"2024-01-19T15:03:56+00:00","breadcrumb":{"@id":"https:\/\/enerdom.net\/eu\/prueba-caja-de-4\/#breadcrumb"},"inLanguage":"eu-ES","potentialAction":[{"@type":"ReadAction","target":["https:\/\/enerdom.net\/eu\/prueba-caja-de-4\/"]}]},{"@type":"BreadcrumbList","@id":"https:\/\/enerdom.net\/eu\/prueba-caja-de-4\/#breadcrumb","itemListElement":[{"@type":"ListItem","position":1,"name":"Portada","item":"https:\/\/enerdom.net\/eu\/"},{"@type":"ListItem","position":2,"name":"Prueba caja de 4"}]},{"@type":"WebSite","@id":"https:\/\/enerdom.net\/eu\/#website","url":"https:\/\/enerdom.net\/eu\/","name":"Enerdom","description":"Su consultor\u00eda en Control y Automatizaci\u00f3n. Dom\u00f3tica e inm\u00f3tica","publisher":{"@id":"https:\/\/enerdom.net\/eu\/#organization"},"potentialAction":[{"@type":"SearchAction","target":{"@type":"EntryPoint","urlTemplate":"https:\/\/enerdom.net\/eu\/?s={search_term_string}"},"query-input":{"@type":"PropertyValueSpecification","valueRequired":true,"valueName":"search_term_string"}}],"inLanguage":"eu-ES"},{"@type":"Organization","@id":"https:\/\/enerdom.net\/eu\/#organization","name":"Enerdom","url":"https:\/\/enerdom.net\/eu\/","logo":{"@type":"ImageObject","inLanguage":"eu-ES","@id":"https:\/\/enerdom.net\/eu\/#\/schema\/logo\/image\/","url":"https:\/\/enerdom.net\/wp-content\/uploads\/2023\/11\/Enerdom-Logo-mesa.svg","contentUrl":"https:\/\/enerdom.net\/wp-content\/uploads\/2023\/11\/Enerdom-Logo-mesa.svg","width":313,"height":102,"caption":"Enerdom"},"image":{"@id":"https:\/\/enerdom.net\/eu\/#\/schema\/logo\/image\/"},"sameAs":["https:\/\/www.linkedin.com\/company\/enerdom-consulting\/"]}]}},"_links":{"self":[{"href":"https:\/\/enerdom.net\/eu\/wp-json\/wp\/v2\/pages\/15649","targetHints":{"allow":["GET"]}}],"collection":[{"href":"https:\/\/enerdom.net\/eu\/wp-json\/wp\/v2\/pages"}],"about":[{"href":"https:\/\/enerdom.net\/eu\/wp-json\/wp\/v2\/types\/page"}],"author":[{"embeddable":true,"href":"https:\/\/enerdom.net\/eu\/wp-json\/wp\/v2\/users\/1"}],"replies":[{"embeddable":true,"href":"https:\/\/enerdom.net\/eu\/wp-json\/wp\/v2\/comments?post=15649"}],"version-history":[{"count":52,"href":"https:\/\/enerdom.net\/eu\/wp-json\/wp\/v2\/pages\/15649\/revisions"}],"predecessor-version":[{"id":15706,"href":"https:\/\/enerdom.net\/eu\/wp-json\/wp\/v2\/pages\/15649\/revisions\/15706"}],"wp:attachment":[{"href":"https:\/\/enerdom.net\/eu\/wp-json\/wp\/v2\/media?parent=15649"}],"curies":[{"name":"wp","href":"https:\/\/api.w.org\/{rel}","templated":true}]}}