{"id":15563,"date":"2023-11-07T16:47:08","date_gmt":"2023-11-07T15:47:08","guid":{"rendered":"https:\/\/enerdom.net\/politica-de-cookies\/"},"modified":"2024-01-19T10:11:45","modified_gmt":"2024-01-19T09:11:45","slug":"cookie-politika","status":"publish","type":"page","link":"https:\/\/enerdom.net\/eu\/cookie-politika\/","title":{"rendered":"Cookie politika"},"content":{"rendered":"<p>Desde ENEDOM ponemos a disposici\u00f3n del usuario la presente pol\u00edtica de cookies, donde podr\u00e1n encontrar todos los detalles acerca del uso de cookies en nuestra p\u00e1gina web. Aconsejamos a los usuarios que visiten la presente pol\u00edtica de cookies con frecuencia, ya que \u00e9sta puede ser actualizada en cualquier momento.<\/p>\n<p>\u00bfQu\u00e9 es una cookie?<\/p>\n<p>Una cookie es un peque\u00f1o fichero de texto que se almacena en tu navegador cuando visitas una p\u00e1gina web.<\/p>\n<p>Son herramientas que tienen un papel esencial para la prestaci\u00f3n de servicios digitales. Entre otros, permiten a una p\u00e1gina web almacenar y recuperar informaci\u00f3n sobre los h\u00e1bitos de navegaci\u00f3n de un usuario o de su equipo y, dependiendo de la informaci\u00f3n obtenida, se pueden utilizar para reconocer al usuario y mejorar el servicio ofrecido. Sin las cookies, muchas p\u00e1ginas no funcionar\u00e1n correctamente o los servicios ofrecidos se ver\u00e1n mermados.<\/p>\n<p>\u00bfA qui\u00e9n van dirigidas nuestras cookies?<\/p>\n<p>Los servicios ofrecidos en esta p\u00e1gina web as\u00ed como los contenidos, est\u00e1n dirigidos a personas mayores de edad, en ning\u00fan caso dentro de nuestro p\u00fablico objetivo se encuentran menores de catorce a\u00f1os. Entendemos que son ellos quienes ser\u00e1n los responsables del uso que cada uno de los diferentes recursos.<\/p>\n<p><strong>TIPOS DE COOKIES<\/strong><\/p>\n<p><strong>SEG\u00daN QUI\u00c9N SEA LA ENTIDAD QUE LAS GESTIONE<\/strong><br \/>\nSeg\u00fan qui\u00e9n sea la entidad que gestione el equipo o dominio desde donde se env\u00edan las cookies y trate los datos que se obtengan, podemos distinguir:<\/p>\n<p>Cookies propias: se env\u00edan al dispositivo del usuario desde un equipo o dominio gestionado por el propietario de la web y desde el que se presta el servicio solicitado por el usuario.<br \/>\nCookies de tercero: se env\u00edan al dispositivo del usuario desde un equipo o dominio que no es gestionado por el propietario de la web, sino por otra entidad que trata los datos obtenidos trav\u00e9s de las cookies.<br \/>\nSEG\u00daN EL PLAZO DE TIEMPO QUE PERMANECEN ALMACENADAS EN EL ORDENADOR:<br \/>\nCookies de sesi\u00f3n: son aqu\u00e9llas que recaban y almacenan los datos cuando el usuario accede a la p\u00e1gina web y cesan una vez que el usuario sale de \u00e9sta.<br \/>\nCookies persistentes:son aqu\u00e9llas que tienen una duraci\u00f3n determinada en el tiempo por el responsable del tratamiento. El tiempo de conservaci\u00f3n puede variar entre unos minutos a varios a\u00f1os. Se utilizan para guardar y recuperar ciertos par\u00e1metros cada vez que el usuario visite la p\u00e1gina web.<br \/>\n<strong>SEG\u00daN LA FINALIDAD:<\/strong><br \/>\nCookies t\u00e9cnicas:son aqu\u00e9llas imprescindibles y estrictamente necesarias para el correcto funcionamiento de la p\u00e1gina web y utilizar las diferentes opciones o servicios que ofrecemos. Por ejemplo, las que sirven para el mantenimiento de la sesi\u00f3n, la gesti\u00f3n del tiempo de respuesta, rendimiento o validaci\u00f3n de opciones, utilizar elementos de seguridad, compartir contenido con redes sociales, etc.<br \/>\nCookies de personalizaci\u00f3n: son aqu\u00e9llas que permiten que el usuario pueda especificar o personalizar algunas caracter\u00edsticas de la p\u00e1gina web. Por ejemplo, definir el idioma, configuraci\u00f3n regional o tipo de navegador.<br \/>\nCookies de an\u00e1lisis:son aqu\u00e9llas que nos permiten realizar un seguimiento y an\u00e1lisis del comportamiento del usuario en nuestra p\u00e1gina web para elaborar perfiles de navegaci\u00f3n y poder conocer las preferencias de los usuarios del mismo. Se suelen utilizar para medir la actividad del usuario con el objetivo de mejorar el servicio que le ofrecemos en funci\u00f3n de los resultados que obtenemos. Por ejemplo, mediante una cookie anal\u00edtica se controlar\u00edan las \u00e1reas geogr\u00e1ficas de mayor inter\u00e9s de un usuario, cu\u00e1l es el producto o servicio de m\u00e1s aceptaci\u00f3n, etc.<br \/>\nCookies publicitarias:son aqu\u00e9llas que nos permiten la gesti\u00f3n de los espacios publicitarios en los sitios web.<br \/>\nCookies de publicidad comportamental: son aqu\u00e9llas que permiten la gesti\u00f3n de los espacios publicitarios de nuestra p\u00e1gina web. La funci\u00f3n de estas cookies es almacenar informaci\u00f3n del comportamiento de los usuarios en nuestra p\u00e1gina web, para posteriormente mostrar publicidad personalizada.<br \/>\n<strong>\u00bfQU\u00c9 COOKIES UTILIZAMOS?<\/strong><\/p>\n<p>Siguiendo las directrices de la Agencia Espa\u00f1ola de Protecci\u00f3n de Datos procedemos a detallar el uso de cookies\u202fque hace esta web con el fin de informarle con la m\u00e1xima exactitud posible.<\/p>\n<p><img decoding=\"async\" src=\"https:\/\/tw-group.com\/wp-content\/uploads\/2023\/03\/Captura-de-pantalla-2020-11-19-a-las-19.09.16-1024x681-1.png\" \/><\/p>\n<p>Analytics: las cookies anal\u00edticas se utilizan para comprender c\u00f3mo los visitantes interact\u00faan con el sitio web. Estas cookies ayudan a proporcionar informaci\u00f3n sobre la m\u00e9trica del n\u00famero de visitantes, la tasa de rebote, la fuente de tr\u00e1fico, etc.<\/p>\n<p>Rendimiento: las cookies de rendimiento se utilizan para comprender y analizar los principales \u00edndices de rendimiento del sitio web, lo que ayuda a ofrecer una mejor experiencia de usuario a los visitantes.En este sitio web se utilizan las cookies de:<\/p>\n<p>Google:<\/p>\n<p>Utilizamos los servicios de Google Analytics, Google Maps y Youtube. El uso de estas herramientas hace que se empleen cookies, por parte de Google, de modo que se pueda recabar informaci\u00f3n sobre el uso de nuestra p\u00e1gina web. Las cookies se utilizan para recoger informaci\u00f3n demogr\u00e1fica y sobre los intereses del usuario que visita la p\u00e1gina web, as\u00ed como sobre el uso y comportamiento del mismo dentro del sitio web, incluyendo la informaci\u00f3n que vincula su visita a nuestro sitio web con su cuenta de Google, si est\u00e1 usted identificado.<\/p>\n<p>Google utiliza algunas de estas cookies con la finalidad de aumentar la eficacia de la publicidad, como las funciones de Google Analytics que ha implementado seg\u00fan la publicidad de display (remarketing, informes de impresiones de la Red de Display de Google, la integraci\u00f3n de DoubleClick Campaign Manager o los informes de datos demogr\u00e1ficos e intereses de Google Analytics). La informaci\u00f3n sobre su uso de nuestro sitio, incluyendo su direcci\u00f3n IP, puede ser transmitida a Google y almacenada en sus servidores.<\/p>\n<p>Puede ver m\u00e1s informaci\u00f3n sobre la utilizaci\u00f3n de sus cookies y su pol\u00edtica de privacidad en los siguientes enlaces.<\/p>\n<p>Pol\u00edtica de privacidad de Google<br \/>\nC\u00f3mo utiliza Google las cookies<br \/>\nTipos de cookies que utiliza Google<br \/>\n\u00bfPara qu\u00e9 se utilizan los datos?<br \/>\nLa informaci\u00f3n obtenida, mediante la utilizaci\u00f3n de estas cookies, es utilizada para mejorar nuestra p\u00e1gina, detectar nuevas necesidades y valorar las mejoras a introducir, con la finalidad de prestar un mejor servicio.<\/p>\n<p>\u00bfC\u00f3mo gestionar las cookies?<br \/>\nSi desea permitir, bloquear o eliminar las cookies, tanto las e nuestros sito web como las de otros sitios web, instaladas en su equipo puede hacerlo mediante la configuraci\u00f3n de las opciones del navegador instalado en su ordenador. Los navegadores m\u00e1s habituales son:<\/p>\n<p>Firefox: https:\/\/support.mozilla.org\/es\/kb\/habilitar-y-deshabilitar-cookies-que-los-sitios-we<br \/>\nChrome: https:\/\/support.google.com\/chrome\/answer\/95647?hl=es<br \/>\nExplorer: http:\/\/windows.microsoft.com\/es-es\/windows7\/how-to-manage-cookies-in-internet-explorer-9<br \/>\nSafari: https:\/\/support.apple.com\/es-es\/guide\/safari\/sfri11471\/mac<br \/>\nOpera: https:\/\/help.opera.com\/Windows\/11.50\/es-ES\/cookies.html<\/p>\n<p><strong>M\u00c1S INFORMACI\u00d3N<\/strong><\/p>\n<p>Ni esta web ni sus representantes legales se hacen responsables ni del contenido ni de la veracidad de las pol\u00edticas de privacidad que puedan tener los terceros mencionados en esta pol\u00edtica de cookies.<\/p>\n<p>Los navegadores web son las herramientas encargadas de almacenar las cookies y desde este lugar debe efectuar su derecho a eliminaci\u00f3n o desactivaci\u00f3n de las mismas. Ni esta web ni sus representantes legales pueden garantizar la correcta o incorrecta manipulaci\u00f3n de las cookies por parte de los mencionados navegadores.<\/p>\n<p>En algunos casos es necesario instalar cookies para que el navegador no olvide su decisi\u00f3n de no aceptaci\u00f3n de las mismas.<\/p>\n<p>Para cualquier duda o consulta acerca de esta pol\u00edtica de cookies no dude en comunicarse con nosotros.<\/p>\n","protected":false},"excerpt":{"rendered":"<p>Desde ENEDOM ponemos a disposici\u00f3n del usuario la presente pol\u00edtica de cookies, donde podr\u00e1n encontrar todos los detalles acerca del uso de cookies en nuestra p\u00e1gina web. Aconsejamos a los usuarios que visiten la presente pol\u00edtica de cookies con frecuencia, ya que \u00e9sta puede ser actualizada en cualquier momento. \u00bfQu\u00e9 es una cookie? Una cookie [&hellip;]<\/p>\n","protected":false},"author":1,"featured_media":0,"parent":0,"menu_order":0,"comment_status":"closed","ping_status":"closed","template":"","meta":{"footnotes":""},"class_list":["post-15563","page","type-page","status-publish","hentry"],"acf":[],"yoast_head":"<!-- This site is optimized with the Yoast SEO plugin v24.6 - https:\/\/yoast.com\/wordpress\/plugins\/seo\/ -->\n<title>Cookie politika - Enerdom<\/title>\n<meta name=\"robots\" content=\"index, follow, max-snippet:-1, max-image-preview:large, max-video-preview:-1\" \/>\n<link rel=\"canonical\" href=\"https:\/\/enerdom.net\/eu\/cookie-politika\/\" \/>\n<meta property=\"og:locale\" content=\"eu_ES\" \/>\n<meta property=\"og:type\" content=\"article\" \/>\n<meta property=\"og:title\" content=\"Cookie politika - Enerdom\" \/>\n<meta property=\"og:description\" content=\"Desde ENEDOM ponemos a disposici\u00f3n del usuario la presente pol\u00edtica de cookies, donde podr\u00e1n encontrar todos los detalles acerca del uso de cookies en nuestra p\u00e1gina web. Aconsejamos a los usuarios que visiten la presente pol\u00edtica de cookies con frecuencia, ya que \u00e9sta puede ser actualizada en cualquier momento. \u00bfQu\u00e9 es una cookie? Una cookie [&hellip;]\" \/>\n<meta property=\"og:url\" content=\"https:\/\/enerdom.net\/eu\/cookie-politika\/\" \/>\n<meta property=\"og:site_name\" content=\"Enerdom\" \/>\n<meta property=\"article:modified_time\" content=\"2024-01-19T09:11:45+00:00\" \/>\n<meta property=\"og:image\" content=\"https:\/\/tw-group.com\/wp-content\/uploads\/2023\/03\/Captura-de-pantalla-2020-11-19-a-las-19.09.16-1024x681-1.png\" \/>\n<meta name=\"twitter:card\" content=\"summary_large_image\" \/>\n<meta name=\"twitter:label1\" content=\"Est. reading time\" \/>\n\t<meta name=\"twitter:data1\" content=\"6 minutes\" \/>\n<script type=\"application\/ld+json\" class=\"yoast-schema-graph\">{\"@context\":\"https:\/\/schema.org\",\"@graph\":[{\"@type\":\"WebPage\",\"@id\":\"https:\/\/enerdom.net\/eu\/cookie-politika\/\",\"url\":\"https:\/\/enerdom.net\/eu\/cookie-politika\/\",\"name\":\"Cookie politika - Enerdom\",\"isPartOf\":{\"@id\":\"https:\/\/enerdom.net\/eu\/#website\"},\"primaryImageOfPage\":{\"@id\":\"https:\/\/enerdom.net\/eu\/cookie-politika\/#primaryimage\"},\"image\":{\"@id\":\"https:\/\/enerdom.net\/eu\/cookie-politika\/#primaryimage\"},\"thumbnailUrl\":\"https:\/\/tw-group.com\/wp-content\/uploads\/2023\/03\/Captura-de-pantalla-2020-11-19-a-las-19.09.16-1024x681-1.png\",\"datePublished\":\"2023-11-07T15:47:08+00:00\",\"dateModified\":\"2024-01-19T09:11:45+00:00\",\"breadcrumb\":{\"@id\":\"https:\/\/enerdom.net\/eu\/cookie-politika\/#breadcrumb\"},\"inLanguage\":\"eu-ES\",\"potentialAction\":[{\"@type\":\"ReadAction\",\"target\":[\"https:\/\/enerdom.net\/eu\/cookie-politika\/\"]}]},{\"@type\":\"ImageObject\",\"inLanguage\":\"eu-ES\",\"@id\":\"https:\/\/enerdom.net\/eu\/cookie-politika\/#primaryimage\",\"url\":\"https:\/\/tw-group.com\/wp-content\/uploads\/2023\/03\/Captura-de-pantalla-2020-11-19-a-las-19.09.16-1024x681-1.png\",\"contentUrl\":\"https:\/\/tw-group.com\/wp-content\/uploads\/2023\/03\/Captura-de-pantalla-2020-11-19-a-las-19.09.16-1024x681-1.png\"},{\"@type\":\"BreadcrumbList\",\"@id\":\"https:\/\/enerdom.net\/eu\/cookie-politika\/#breadcrumb\",\"itemListElement\":[{\"@type\":\"ListItem\",\"position\":1,\"name\":\"Portada\",\"item\":\"https:\/\/enerdom.net\/eu\/\"},{\"@type\":\"ListItem\",\"position\":2,\"name\":\"Cookie politika\"}]},{\"@type\":\"WebSite\",\"@id\":\"https:\/\/enerdom.net\/eu\/#website\",\"url\":\"https:\/\/enerdom.net\/eu\/\",\"name\":\"Enerdom\",\"description\":\"Su consultor\u00eda en Control y Automatizaci\u00f3n. Dom\u00f3tica e inm\u00f3tica\",\"publisher\":{\"@id\":\"https:\/\/enerdom.net\/eu\/#organization\"},\"potentialAction\":[{\"@type\":\"SearchAction\",\"target\":{\"@type\":\"EntryPoint\",\"urlTemplate\":\"https:\/\/enerdom.net\/eu\/?s={search_term_string}\"},\"query-input\":{\"@type\":\"PropertyValueSpecification\",\"valueRequired\":true,\"valueName\":\"search_term_string\"}}],\"inLanguage\":\"eu-ES\"},{\"@type\":\"Organization\",\"@id\":\"https:\/\/enerdom.net\/eu\/#organization\",\"name\":\"Enerdom\",\"url\":\"https:\/\/enerdom.net\/eu\/\",\"logo\":{\"@type\":\"ImageObject\",\"inLanguage\":\"eu-ES\",\"@id\":\"https:\/\/enerdom.net\/eu\/#\/schema\/logo\/image\/\",\"url\":\"https:\/\/enerdom.net\/wp-content\/uploads\/2023\/11\/Enerdom-Logo-mesa.svg\",\"contentUrl\":\"https:\/\/enerdom.net\/wp-content\/uploads\/2023\/11\/Enerdom-Logo-mesa.svg\",\"width\":313,\"height\":102,\"caption\":\"Enerdom\"},\"image\":{\"@id\":\"https:\/\/enerdom.net\/eu\/#\/schema\/logo\/image\/\"},\"sameAs\":[\"https:\/\/www.linkedin.com\/company\/enerdom-consulting\/\"]}]}<\/script>\n<!-- \/ Yoast SEO plugin. -->","yoast_head_json":{"title":"Cookie politika - Enerdom","robots":{"index":"index","follow":"follow","max-snippet":"max-snippet:-1","max-image-preview":"max-image-preview:large","max-video-preview":"max-video-preview:-1"},"canonical":"https:\/\/enerdom.net\/eu\/cookie-politika\/","og_locale":"eu_ES","og_type":"article","og_title":"Cookie politika - Enerdom","og_description":"Desde ENEDOM ponemos a disposici\u00f3n del usuario la presente pol\u00edtica de cookies, donde podr\u00e1n encontrar todos los detalles acerca del uso de cookies en nuestra p\u00e1gina web. Aconsejamos a los usuarios que visiten la presente pol\u00edtica de cookies con frecuencia, ya que \u00e9sta puede ser actualizada en cualquier momento. \u00bfQu\u00e9 es una cookie? Una cookie [&hellip;]","og_url":"https:\/\/enerdom.net\/eu\/cookie-politika\/","og_site_name":"Enerdom","article_modified_time":"2024-01-19T09:11:45+00:00","og_image":[{"url":"https:\/\/tw-group.com\/wp-content\/uploads\/2023\/03\/Captura-de-pantalla-2020-11-19-a-las-19.09.16-1024x681-1.png","type":"","width":"","height":""}],"twitter_card":"summary_large_image","twitter_misc":{"Est. reading time":"6 minutes"},"schema":{"@context":"https:\/\/schema.org","@graph":[{"@type":"WebPage","@id":"https:\/\/enerdom.net\/eu\/cookie-politika\/","url":"https:\/\/enerdom.net\/eu\/cookie-politika\/","name":"Cookie politika - Enerdom","isPartOf":{"@id":"https:\/\/enerdom.net\/eu\/#website"},"primaryImageOfPage":{"@id":"https:\/\/enerdom.net\/eu\/cookie-politika\/#primaryimage"},"image":{"@id":"https:\/\/enerdom.net\/eu\/cookie-politika\/#primaryimage"},"thumbnailUrl":"https:\/\/tw-group.com\/wp-content\/uploads\/2023\/03\/Captura-de-pantalla-2020-11-19-a-las-19.09.16-1024x681-1.png","datePublished":"2023-11-07T15:47:08+00:00","dateModified":"2024-01-19T09:11:45+00:00","breadcrumb":{"@id":"https:\/\/enerdom.net\/eu\/cookie-politika\/#breadcrumb"},"inLanguage":"eu-ES","potentialAction":[{"@type":"ReadAction","target":["https:\/\/enerdom.net\/eu\/cookie-politika\/"]}]},{"@type":"ImageObject","inLanguage":"eu-ES","@id":"https:\/\/enerdom.net\/eu\/cookie-politika\/#primaryimage","url":"https:\/\/tw-group.com\/wp-content\/uploads\/2023\/03\/Captura-de-pantalla-2020-11-19-a-las-19.09.16-1024x681-1.png","contentUrl":"https:\/\/tw-group.com\/wp-content\/uploads\/2023\/03\/Captura-de-pantalla-2020-11-19-a-las-19.09.16-1024x681-1.png"},{"@type":"BreadcrumbList","@id":"https:\/\/enerdom.net\/eu\/cookie-politika\/#breadcrumb","itemListElement":[{"@type":"ListItem","position":1,"name":"Portada","item":"https:\/\/enerdom.net\/eu\/"},{"@type":"ListItem","position":2,"name":"Cookie politika"}]},{"@type":"WebSite","@id":"https:\/\/enerdom.net\/eu\/#website","url":"https:\/\/enerdom.net\/eu\/","name":"Enerdom","description":"Su consultor\u00eda en Control y Automatizaci\u00f3n. Dom\u00f3tica e inm\u00f3tica","publisher":{"@id":"https:\/\/enerdom.net\/eu\/#organization"},"potentialAction":[{"@type":"SearchAction","target":{"@type":"EntryPoint","urlTemplate":"https:\/\/enerdom.net\/eu\/?s={search_term_string}"},"query-input":{"@type":"PropertyValueSpecification","valueRequired":true,"valueName":"search_term_string"}}],"inLanguage":"eu-ES"},{"@type":"Organization","@id":"https:\/\/enerdom.net\/eu\/#organization","name":"Enerdom","url":"https:\/\/enerdom.net\/eu\/","logo":{"@type":"ImageObject","inLanguage":"eu-ES","@id":"https:\/\/enerdom.net\/eu\/#\/schema\/logo\/image\/","url":"https:\/\/enerdom.net\/wp-content\/uploads\/2023\/11\/Enerdom-Logo-mesa.svg","contentUrl":"https:\/\/enerdom.net\/wp-content\/uploads\/2023\/11\/Enerdom-Logo-mesa.svg","width":313,"height":102,"caption":"Enerdom"},"image":{"@id":"https:\/\/enerdom.net\/eu\/#\/schema\/logo\/image\/"},"sameAs":["https:\/\/www.linkedin.com\/company\/enerdom-consulting\/"]}]}},"_links":{"self":[{"href":"https:\/\/enerdom.net\/eu\/wp-json\/wp\/v2\/pages\/15563","targetHints":{"allow":["GET"]}}],"collection":[{"href":"https:\/\/enerdom.net\/eu\/wp-json\/wp\/v2\/pages"}],"about":[{"href":"https:\/\/enerdom.net\/eu\/wp-json\/wp\/v2\/types\/page"}],"author":[{"embeddable":true,"href":"https:\/\/enerdom.net\/eu\/wp-json\/wp\/v2\/users\/1"}],"replies":[{"embeddable":true,"href":"https:\/\/enerdom.net\/eu\/wp-json\/wp\/v2\/comments?post=15563"}],"version-history":[{"count":2,"href":"https:\/\/enerdom.net\/eu\/wp-json\/wp\/v2\/pages\/15563\/revisions"}],"predecessor-version":[{"id":15623,"href":"https:\/\/enerdom.net\/eu\/wp-json\/wp\/v2\/pages\/15563\/revisions\/15623"}],"wp:attachment":[{"href":"https:\/\/enerdom.net\/eu\/wp-json\/wp\/v2\/media?parent=15563"}],"curies":[{"name":"wp","href":"https:\/\/api.w.org\/{rel}","templated":true}]}}